{"id":30,"date":"2022-12-19T02:30:45","date_gmt":"2022-12-19T02:30:45","guid":{"rendered":"https:\/\/gaviaspreview.com\/wp\/modins\/?page_id=30"},"modified":"2025-08-14T16:19:34","modified_gmt":"2025-08-14T13:19:34","slug":"contact","status":"publish","type":"page","link":"https:\/\/oner.av.tr\/en\/contact\/","title":{"rendered":"Contact"},"content":{"rendered":"\t\t<div data-elementor-type=\"wp-page\" data-elementor-id=\"30\" class=\"elementor elementor-30\" data-elementor-post-type=\"page\">\n\t\t\t\t\t\t<section class=\"elementor-section elementor-top-section elementor-element elementor-element-b82de71 elementor-section-boxed elementor-section-height-default elementor-section-height-default\" data-id=\"b82de71\" data-element_type=\"section\">\n\t\t\t\t\t\t<div class=\"elementor-container elementor-column-gap-default\">\n\t\t\t\t\t<div class=\"elementor-column elementor-col-50 elementor-top-column elementor-element elementor-element-3fc090c\" data-id=\"3fc090c\" data-element_type=\"column\">\n\t\t\t<div class=\"elementor-widget-wrap elementor-element-populated\">\n\t\t\t\t\t\t<div class=\"elementor-element elementor-element-f7ec4ce elementor-widget elementor-widget-gva-heading-block\" data-id=\"f7ec4ce\" data-element_type=\"widget\" data-widget_type=\"gva-heading-block.default\">\n\t\t\t\t<div class=\"elementor-widget-container\">\n\t\t\t<div class=\"gva-element-gva-heading-block gva-element\">   <div class=\"align-left style-1 widget gsc-heading box-align-left auto-responsive\">\r\n      <div class=\"content-inner\">\r\n         \r\n                  \r\n         <div class=\"sub-title\"><span class=\"tagline\">\u00d6ner Law and Consultancy Office<\/span><\/div>  \r\n         \r\n                     <h2 class=\"title\">\r\n               <span>Contact<\/span>\r\n            <\/h2>\r\n                  \r\n                     <div class=\"title-desc\">As \u00d6ner Law and Consultancy Office, we are constantly working to provide you with better service and ensure that the litigation process is as short as possible.<\/div>\r\n         \r\n         \r\n      <\/div>\r\n   <\/div>\r\n<\/div>\t\t<\/div>\n\t\t\t\t<\/div>\n\t\t\t\t<div class=\"elementor-element elementor-element-c792d41 elementor-view-stacked elementor-shape-square elementor-position-left elementor-vertical-align-middle icon-box-left elementor-mobile-position-top elementor-widget elementor-widget-icon-box\" data-id=\"c792d41\" data-element_type=\"widget\" data-widget_type=\"icon-box.default\">\n\t\t\t\t<div class=\"elementor-widget-container\">\n\t\t\t\t\t<div class=\"elementor-icon-box-wrapper\">\n\n\t\t\t\t\t\t<div class=\"elementor-icon-box-icon\">\n\t\t\t\t<a href=\"mailto:info@oner.av.tr\" class=\"elementor-icon elementor-animation-\" tabindex=\"-1\">\n\t\t\t\t<i aria-hidden=\"true\" class=\" micon__message\"><\/i>\t\t\t\t<\/a>\n\t\t\t<\/div>\n\t\t\t\n\t\t\t\t\t\t<div class=\"elementor-icon-box-content\">\n\n\t\t\t\t\t\t\t\t\t<h3 class=\"elementor-icon-box-title\">\n\t\t\t\t\t\t<a href=\"mailto:info@oner.av.tr\" >\n\t\t\t\t\t\t\tE-Mail:\t\t\t\t\t\t<\/a>\n\t\t\t\t\t<\/h3>\n\t\t\t\t\n\t\t\t\t\t\t\t\t\t<p class=\"elementor-icon-box-description\">\n\t\t\t\t\t\t<a href=\"mailto:@oner.av.tr\">info@oner.av.tr<\/a>\t\t\t\t\t<\/p>\n\t\t\t\t\n\t\t\t<\/div>\n\t\t\t\n\t\t<\/div>\n\t\t\t\t<\/div>\n\t\t\t\t<\/div>\n\t\t\t\t<div class=\"elementor-element elementor-element-595a32d elementor-view-stacked elementor-shape-square elementor-position-left elementor-vertical-align-middle icon-box-left elementor-mobile-position-top elementor-widget elementor-widget-icon-box\" data-id=\"595a32d\" data-element_type=\"widget\" data-widget_type=\"icon-box.default\">\n\t\t\t\t<div class=\"elementor-widget-container\">\n\t\t\t\t\t<div class=\"elementor-icon-box-wrapper\">\n\n\t\t\t\t\t\t<div class=\"elementor-icon-box-icon\">\n\t\t\t\t<a href=\"tel:05010279699\" class=\"elementor-icon elementor-animation-\" tabindex=\"-1\">\n\t\t\t\t<i aria-hidden=\"true\" class=\" micon__calling\"><\/i>\t\t\t\t<\/a>\n\t\t\t<\/div>\n\t\t\t\n\t\t\t\t\t\t<div class=\"elementor-icon-box-content\">\n\n\t\t\t\t\t\t\t\t\t<h3 class=\"elementor-icon-box-title\">\n\t\t\t\t\t\t<a href=\"tel:05010279699\" >\n\t\t\t\t\t\t\tPhone:\t\t\t\t\t\t<\/a>\n\t\t\t\t\t<\/h3>\n\t\t\t\t\n\t\t\t\t\t\t\t\t\t<p class=\"elementor-icon-box-description\">\n\t\t\t\t\t\t<a href=\"tel:05010279699\">0501 027 96 99<\/a>\t\t\t\t\t<\/p>\n\t\t\t\t\n\t\t\t<\/div>\n\t\t\t\n\t\t<\/div>\n\t\t\t\t<\/div>\n\t\t\t\t<\/div>\n\t\t\t\t<div class=\"elementor-element elementor-element-90681e1 elementor-view-stacked elementor-shape-square elementor-position-left elementor-vertical-align-middle icon-box-left elementor-mobile-position-top elementor-widget elementor-widget-icon-box\" data-id=\"90681e1\" data-element_type=\"widget\" data-widget_type=\"icon-box.default\">\n\t\t\t\t<div class=\"elementor-widget-container\">\n\t\t\t\t\t<div class=\"elementor-icon-box-wrapper\">\n\n\t\t\t\t\t\t<div class=\"elementor-icon-box-icon\">\n\t\t\t\t<span  class=\"elementor-icon elementor-animation-\">\n\t\t\t\t<i aria-hidden=\"true\" class=\" micon__placeholder\"><\/i>\t\t\t\t<\/span>\n\t\t\t<\/div>\n\t\t\t\n\t\t\t\t\t\t<div class=\"elementor-icon-box-content\">\n\n\t\t\t\t\t\t\t\t\t<h3 class=\"elementor-icon-box-title\">\n\t\t\t\t\t\t<span  >\n\t\t\t\t\t\t\tOffice:\t\t\t\t\t\t<\/span>\n\t\t\t\t\t<\/h3>\n\t\t\t\t\n\t\t\t\t\t\t\t\t\t<p class=\"elementor-icon-box-description\">\n\t\t\t\t\t\tKartaltepe mah.\nBah\u00e7esaray Sk. No:13 D:7\nBak\u0131rk\u00f6y\/\u0130STANBUL\t\t\t\t\t<\/p>\n\t\t\t\t\n\t\t\t<\/div>\n\t\t\t\n\t\t<\/div>\n\t\t\t\t<\/div>\n\t\t\t\t<\/div>\n\t\t\t\t\t<\/div>\n\t\t<\/div>\n\t\t\t\t<div class=\"elementor-column elementor-col-50 elementor-top-column elementor-element elementor-element-97c952b\" data-id=\"97c952b\" data-element_type=\"column\">\n\t\t\t<div class=\"elementor-widget-wrap elementor-element-populated\">\n\t\t\t\t\t\t<div class=\"elementor-element elementor-element-8c009d1 top-color-theme elementor-widget elementor-widget-shortcode\" data-id=\"8c009d1\" data-element_type=\"widget\" data-widget_type=\"shortcode.default\">\n\t\t\t\t<div class=\"elementor-widget-container\">\n\t\t\t\t\t<div class=\"elementor-shortcode\">\n<div class=\"wpcf7 no-js\" id=\"wpcf7-f299-o1\" lang=\"en-US\" dir=\"ltr\">\n<div class=\"screen-reader-response\"><p role=\"status\" aria-live=\"polite\" aria-atomic=\"true\"><\/p> <ul><\/ul><\/div>\n<form action=\"\/en\/wp-json\/wp\/v2\/pages\/30#wpcf7-f299-o1\" method=\"post\" class=\"wpcf7-form init\" aria-label=\"Contact form\" novalidate=\"novalidate\" data-status=\"init\">\n<div style=\"display: none;\">\n<input type=\"hidden\" name=\"_wpcf7\" value=\"299\" \/>\n<input type=\"hidden\" name=\"_wpcf7_version\" value=\"5.9.8\" \/>\n<input type=\"hidden\" name=\"_wpcf7_locale\" value=\"en_US\" \/>\n<input type=\"hidden\" name=\"_wpcf7_unit_tag\" value=\"wpcf7-f299-o1\" \/>\n<input type=\"hidden\" name=\"_wpcf7_container_post\" value=\"0\" \/>\n<input type=\"hidden\" name=\"_wpcf7_posted_data_hash\" value=\"\" \/>\n<\/div>\n<div class=\"row\">\n   <div class=\"col-sm-6 col-xs-12\">\n     <span class=\"wpcf7-form-control-wrap\" data-name=\"your-name\"><input size=\"40\" maxlength=\"400\" class=\"wpcf7-form-control wpcf7-text wpcf7-validates-as-required\" aria-required=\"true\" aria-invalid=\"false\" placeholder=\"Name*\" value=\"\" type=\"text\" name=\"your-name\" \/><\/span>\n   <\/div>\n   <div class=\"col-sm-6 col-xs-12\">\n     <span class=\"wpcf7-form-control-wrap\" data-name=\"your-phone\"><input size=\"40\" maxlength=\"400\" class=\"wpcf7-form-control wpcf7-text wpcf7-validates-as-required\" aria-required=\"true\" aria-invalid=\"false\" placeholder=\"Last name*\" value=\"\" type=\"text\" name=\"your-phone\" \/><\/span>\n   <\/div>\n<\/div>\n<div class=\"row\">\n   <div class=\"col-sm-6 col-xs-12\">\n      <span class=\"wpcf7-form-control-wrap\" data-name=\"your-email\"><input size=\"40\" maxlength=\"400\" class=\"wpcf7-form-control wpcf7-email wpcf7-validates-as-required wpcf7-text wpcf7-validates-as-email\" aria-required=\"true\" aria-invalid=\"false\" placeholder=\"E-Mail\" value=\"\" type=\"email\" name=\"your-email\" \/><\/span>\n   <\/div>\n   <div class=\"col-sm-6 col-xs-12\">\n      <span class=\"wpcf7-form-control-wrap\" data-name=\"your-subject\"><input size=\"40\" maxlength=\"400\" class=\"wpcf7-form-control wpcf7-text\" aria-invalid=\"false\" placeholder=\"Topic\" value=\"\" type=\"text\" name=\"your-subject\" \/><\/span>\n   <\/div>\n<\/div>\n<div class=\"row\">\n   <div class=\"col-sm-12 col-xs-12\">\n      <span class=\"wpcf7-form-control-wrap\" data-name=\"your-message\"><textarea cols=\"40\" rows=\"10\" maxlength=\"2000\" class=\"wpcf7-form-control wpcf7-textarea\" aria-invalid=\"false\" placeholder=\"Message\" name=\"your-message\"><\/textarea><\/span>\n   <\/div>\n   <div class=\"col-sm-12 col-xs-12 action text-left\"><span class=\"form-action\"><input class=\"wpcf7-form-control wpcf7-submit has-spinner\" type=\"submit\" value=\"Send\" \/><\/span><\/div>\n<\/div><div class=\"wpcf7-response-output\" aria-hidden=\"true\"><\/div>\n<\/form>\n<\/div>\n<\/div>\n\t\t\t\t<\/div>\n\t\t\t\t<\/div>\n\t\t\t\t\t<\/div>\n\t\t<\/div>\n\t\t\t\t\t<\/div>\n\t\t<\/section>\n\t\t\t\t<section class=\"elementor-section elementor-top-section elementor-element elementor-element-bc4077f elementor-section-boxed elementor-section-height-default elementor-section-height-default\" data-id=\"bc4077f\" data-element_type=\"section\">\n\t\t\t\t\t\t<div class=\"elementor-container elementor-column-gap-default\">\n\t\t\t\t\t<div class=\"elementor-column elementor-col-100 elementor-top-column elementor-element elementor-element-32a21d7\" data-id=\"32a21d7\" data-element_type=\"column\" data-settings=\"{&quot;background_background&quot;:&quot;gradient&quot;}\">\n\t\t\t<div class=\"elementor-widget-wrap elementor-element-populated\">\n\t\t\t\t\t<div class=\"elementor-background-overlay\"><\/div>\n\t\t\t\t\t\t<section class=\"elementor-section elementor-inner-section elementor-element elementor-element-b752d67 elementor-section-boxed elementor-section-height-default elementor-section-height-default\" data-id=\"b752d67\" data-element_type=\"section\">\n\t\t\t\t\t\t<div class=\"elementor-container elementor-column-gap-default\">\n\t\t\t\t\t<div class=\"elementor-column elementor-col-50 elementor-inner-column elementor-element elementor-element-2f280d5\" data-id=\"2f280d5\" data-element_type=\"column\">\n\t\t\t<div class=\"elementor-widget-wrap elementor-element-populated\">\n\t\t\t\t\t\t<div class=\"elementor-element elementor-element-4908ada elementor-position-left elementor-vertical-align-middle icon-box-left elementor-view-default elementor-mobile-position-top elementor-widget elementor-widget-icon-box\" data-id=\"4908ada\" data-element_type=\"widget\" data-widget_type=\"icon-box.default\">\n\t\t\t\t<div class=\"elementor-widget-container\">\n\t\t\t\t\t<div class=\"elementor-icon-box-wrapper\">\n\n\t\t\t\t\t\t<div class=\"elementor-icon-box-icon\">\n\t\t\t\t<span  class=\"elementor-icon elementor-animation-\">\n\t\t\t\t<i aria-hidden=\"true\" class=\"fas fa-balance-scale\"><\/i>\t\t\t\t<\/span>\n\t\t\t<\/div>\n\t\t\t\n\t\t\t\t\t\t<div class=\"elementor-icon-box-content\">\n\n\t\t\t\t\t\t\t\t\t<h3 class=\"elementor-icon-box-title\">\n\t\t\t\t\t\t<span  >\n\t\t\t\t\t\t\tOnline Legal Advice\t\t\t\t\t\t<\/span>\n\t\t\t\t\t<\/h3>\n\t\t\t\t\n\t\t\t\t\n\t\t\t<\/div>\n\t\t\t\n\t\t<\/div>\n\t\t\t\t<\/div>\n\t\t\t\t<\/div>\n\t\t\t\t\t<\/div>\n\t\t<\/div>\n\t\t\t\t<div class=\"elementor-column elementor-col-50 elementor-inner-column elementor-element elementor-element-f173852\" data-id=\"f173852\" data-element_type=\"column\">\n\t\t\t<div class=\"elementor-widget-wrap elementor-element-populated\">\n\t\t\t\t\t\t<div class=\"elementor-element elementor-element-2c7a4b2 elementor-widget__width-auto elementor-widget elementor-widget-html\" data-id=\"2c7a4b2\" data-element_type=\"widget\" data-widget_type=\"html.default\">\n\t\t\t\t<div class=\"elementor-widget-container\">\n\t\t\t<a class=\"btn-white btn-medium\" href=\"#\">\n    WhatsApp\n<\/a>\t\t<\/div>\n\t\t\t\t<\/div>\n\t\t\t\t\t<\/div>\n\t\t<\/div>\n\t\t\t\t\t<\/div>\n\t\t<\/section>\n\t\t\t\t\t<\/div>\n\t\t<\/div>\n\t\t\t\t\t<\/div>\n\t\t<\/section>\n\t\t\t\t<section class=\"elementor-section elementor-top-section elementor-element elementor-element-368410a elementor-section-boxed elementor-section-height-default elementor-section-height-default\" data-id=\"368410a\" data-element_type=\"section\">\n\t\t\t\t\t\t<div class=\"elementor-container elementor-column-gap-default\">\n\t\t\t\t\t<div class=\"elementor-column elementor-col-100 elementor-top-column elementor-element elementor-element-190cc3a\" data-id=\"190cc3a\" data-element_type=\"column\">\n\t\t\t<div class=\"elementor-widget-wrap elementor-element-populated\">\n\t\t\t\t\t\t<div class=\"elementor-element elementor-element-91ce0fe elementor-widget elementor-widget-html\" data-id=\"91ce0fe\" data-element_type=\"widget\" data-widget_type=\"html.default\">\n\t\t\t\t<div class=\"elementor-widget-container\">\n\t\t\t<iframe src=\"https:\/\/www.google.com\/maps\/embed?pb=!1m18!1m12!1m3!1d3011.357905831891!2d28.873139!3d40.9955389!2m3!1f0!2f0!3f0!3m2!1i1024!2i768!4f13.1!3m3!1m2!1s0x14cabb66d31cbe63%3A0xe7c012e422c880ca!2sAv.%20Yekcan%20%C3%96ner!5e0!3m2!1str!2str!4v1731919141999!5m2!1str!2str\" width=\"600\" height=\"450\" style=\"border:0;\" allowfullscreen=\"\" loading=\"lazy\" referrerpolicy=\"no-referrer-when-downgrade\"><\/iframe>\t\t<\/div>\n\t\t\t\t<\/div>\n\t\t\t\t\t<\/div>\n\t\t<\/div>\n\t\t\t\t\t<\/div>\n\t\t<\/section>\n\t\t\t\t<\/div>\n\t\t","protected":false},"excerpt":{"rendered":"<p>\u00d6ner Law and Consultancy Office Contact As \u00d6ner Law and Consultancy Office, we are constantly working to provide you with better service and ensure that the litigation process is as short as possible. E-Mail: info@oner.av.tr Phone: 0501 027 96 99 Office: Kartaltepe mah. Bah\u00e7esaray Sk. No:13 D:7 Bak\u0131rk\u00f6y\/\u0130STANBUL Online Legal Advice WhatsApp<\/p>\n","protected":false},"author":1,"featured_media":0,"parent":0,"menu_order":0,"comment_status":"closed","ping_status":"closed","template":"","meta":{"footnotes":""},"class_list":["post-30","page","type-page","status-publish","hentry"],"yoast_head":"<!-- This site is optimized with the Yoast SEO Premium plugin v23.1 (Yoast SEO v23.1) - https:\/\/yoast.com\/wordpress\/plugins\/seo\/ -->\n<title>Contact - Bak\u0131rk\u00f6y Lawyer and Law Office \u2013 \u00d6ner Law and Consultancy<\/title>\n<meta name=\"description\" content=\"At \u00d6ner Law Firm, we constantly strive to provide better service and ensure that the litigation process is as short as possible.\" \/>\n<meta name=\"robots\" content=\"index, follow, max-snippet:-1, max-image-preview:large, max-video-preview:-1\" \/>\n<link rel=\"canonical\" href=\"https:\/\/oner.av.tr\/en\/contact\/\" \/>\n<meta property=\"og:locale\" content=\"tr_TR\" \/>\n<meta property=\"og:type\" content=\"article\" \/>\n<meta property=\"og:title\" content=\"Contact\" \/>\n<meta property=\"og:description\" content=\"At \u00d6ner Law Firm, we constantly strive to provide better service and ensure that the litigation process is as short as possible.\" \/>\n<meta property=\"og:url\" content=\"https:\/\/oner.av.tr\/en\/contact\/\" \/>\n<meta property=\"og:site_name\" content=\"Bak\u0131rk\u00f6y Lawyer and Law Office \u2013 \u00d6ner Law and Consultancy\" \/>\n<meta property=\"article:publisher\" content=\"https:\/\/www.facebook.com\/onerhukukvedanismanlik\/\" \/>\n<meta property=\"article:modified_time\" content=\"2025-08-14T13:19:34+00:00\" \/>\n<meta name=\"twitter:card\" content=\"summary_large_image\" \/>\n<meta name=\"twitter:label1\" content=\"Tahmini okuma s\u00fcresi\" \/>\n\t<meta name=\"twitter:data1\" content=\"1 dakika\" \/>\n<script type=\"application\/ld+json\" class=\"yoast-schema-graph\">{\"@context\":\"https:\/\/schema.org\",\"@graph\":[{\"@type\":\"WebPage\",\"@id\":\"https:\/\/oner.av.tr\/en\/contact\/\",\"url\":\"https:\/\/oner.av.tr\/en\/contact\/\",\"name\":\"Contact - Bak\u0131rk\u00f6y Lawyer and Law Office \u2013 \u00d6ner Law and Consultancy\",\"isPartOf\":{\"@id\":\"https:\/\/oner.av.tr\/en\/#website\"},\"datePublished\":\"2022-12-19T02:30:45+00:00\",\"dateModified\":\"2025-08-14T13:19:34+00:00\",\"description\":\"At \u00d6ner Law Firm, we constantly strive to provide better service and ensure that the litigation process is as short as possible.\",\"breadcrumb\":{\"@id\":\"https:\/\/oner.av.tr\/en\/contact\/#breadcrumb\"},\"inLanguage\":\"tr\",\"potentialAction\":[{\"@type\":\"ReadAction\",\"target\":[\"https:\/\/oner.av.tr\/en\/contact\/\"]}]},{\"@type\":\"BreadcrumbList\",\"@id\":\"https:\/\/oner.av.tr\/en\/contact\/#breadcrumb\",\"itemListElement\":[{\"@type\":\"ListItem\",\"position\":1,\"name\":\"Anasayfa\",\"item\":\"https:\/\/oner.av.tr\/en\/\"},{\"@type\":\"ListItem\",\"position\":2,\"name\":\"Contact\"}]},{\"@type\":\"WebSite\",\"@id\":\"https:\/\/oner.av.tr\/en\/#website\",\"url\":\"https:\/\/oner.av.tr\/en\/\",\"name\":\"Bak\u0131rk\u00f6y Avukat ve Hukuk B\u00fcrosu \u2013 \u00d6ner Hukuk ve Dan\u0131\u015fmanl\u0131k\",\"description\":\"Online Legal Consultancy \u2013 Divorce Law Services\",\"publisher\":{\"@id\":\"https:\/\/oner.av.tr\/en\/#organization\"},\"potentialAction\":[{\"@type\":\"SearchAction\",\"target\":{\"@type\":\"EntryPoint\",\"urlTemplate\":\"https:\/\/oner.av.tr\/en\/?s={search_term_string}\"},\"query-input\":\"required name=search_term_string\"}],\"inLanguage\":\"tr\"},{\"@type\":[\"Organization\",\"Place\",\"LegalService\"],\"@id\":\"https:\/\/oner.av.tr\/en\/#organization\",\"name\":\"Bak\u0131rk\u00f6y Avukat ve Hukuk B\u00fcrosu \u2013 \u00d6ner Hukuk ve Dan\u0131\u015fmanl\u0131k\",\"alternateName\":\"Bak\u0131rk\u00f6y Avukat\",\"url\":\"https:\/\/oner.av.tr\/\",\"logo\":{\"@type\":\"ImageObject\",\"inLanguage\":\"tr\",\"@id\":\"https:\/\/oner.av.tr\/en\/#\/schema\/logo\/image\/\",\"url\":\"https:\/\/oner.av.tr\/wp-content\/uploads\/2022\/12\/oner-hukuk-bakirkoy-avukatlik-burosu-logo.webp\",\"contentUrl\":\"https:\/\/oner.av.tr\/wp-content\/uploads\/2022\/12\/oner-hukuk-bakirkoy-avukatlik-burosu-logo.webp\",\"width\":265,\"height\":68,\"caption\":\"Bak\u0131rk\u00f6y Avukat ve Hukuk B\u00fcrosu \u2013 \u00d6ner Hukuk ve Dan\u0131\u015fmanl\u0131k\"},\"image\":{\"@id\":\"https:\/\/oner.av.tr\/en\/#\/schema\/logo\/image\/\"},\"sameAs\":[\"https:\/\/www.facebook.com\/onerhukukvedanismanlik\/\",\"https:\/\/www.linkedin.com\/company\/ner-hukuk-ve-danmanlk-brosu\/\",\"https:\/\/www.instagram.com\/onerhukuk\/\"],\"description\":\"Avukat Yekcan \u00d6NER taraf\u0131ndan kurulan hukuk b\u00fcromuz \u0130stanbul Avrupa Yakas\u0131 Bak\u0131rk\u00f6y\u2019de bireylere ve kurumlara avukatl\u0131k hizmeti ve hukuki dan\u0131\u015fmanl\u0131k sa\u011flamaktad\u0131r. Hukuk B\u00fcromuz; Ceza Hukuku, Medeni Hukuk(Miras, Aile ve Bo\u015fanma Hukuku), \u0130\u015f Hukuku, Sigorta Hukuku, Bili\u015fim Hukuku ve daha bir\u00e7ok hukuk alan\u0131nda hizmet sunmaktad\u0131r.\",\"telephone\":[\"0501 027 96 99\"],\"contactPoint\":{\"@type\":\"ContactPoint\",\"telephone\":\"0501 027 96 99\",\"email\":\"avyekcan@gmail.com\"},\"email\":\"avyekcan@gmail.com\"}]}<\/script>\n<!-- \/ Yoast SEO Premium plugin. -->","yoast_head_json":{"title":"Contact - Bak\u0131rk\u00f6y Lawyer and Law Office \u2013 \u00d6ner Law and Consultancy","description":"At \u00d6ner Law Firm, we constantly strive to provide better service and ensure that the litigation process is as short as possible.","robots":{"index":"index","follow":"follow","max-snippet":"max-snippet:-1","max-image-preview":"max-image-preview:large","max-video-preview":"max-video-preview:-1"},"canonical":"https:\/\/oner.av.tr\/en\/contact\/","og_locale":"tr_TR","og_type":"article","og_title":"Contact","og_description":"At \u00d6ner Law Firm, we constantly strive to provide better service and ensure that the litigation process is as short as possible.","og_url":"https:\/\/oner.av.tr\/en\/contact\/","og_site_name":"Bak\u0131rk\u00f6y Lawyer and Law Office \u2013 \u00d6ner Law and Consultancy","article_publisher":"https:\/\/www.facebook.com\/onerhukukvedanismanlik\/","article_modified_time":"2025-08-14T13:19:34+00:00","twitter_card":"summary_large_image","twitter_misc":{"Tahmini okuma s\u00fcresi":"1 dakika"},"schema":{"@context":"https:\/\/schema.org","@graph":[{"@type":"WebPage","@id":"https:\/\/oner.av.tr\/en\/contact\/","url":"https:\/\/oner.av.tr\/en\/contact\/","name":"Contact - Bak\u0131rk\u00f6y Lawyer and Law Office \u2013 \u00d6ner Law and Consultancy","isPartOf":{"@id":"https:\/\/oner.av.tr\/en\/#website"},"datePublished":"2022-12-19T02:30:45+00:00","dateModified":"2025-08-14T13:19:34+00:00","description":"At \u00d6ner Law Firm, we constantly strive to provide better service and ensure that the litigation process is as short as possible.","breadcrumb":{"@id":"https:\/\/oner.av.tr\/en\/contact\/#breadcrumb"},"inLanguage":"tr","potentialAction":[{"@type":"ReadAction","target":["https:\/\/oner.av.tr\/en\/contact\/"]}]},{"@type":"BreadcrumbList","@id":"https:\/\/oner.av.tr\/en\/contact\/#breadcrumb","itemListElement":[{"@type":"ListItem","position":1,"name":"Anasayfa","item":"https:\/\/oner.av.tr\/en\/"},{"@type":"ListItem","position":2,"name":"Contact"}]},{"@type":"WebSite","@id":"https:\/\/oner.av.tr\/en\/#website","url":"https:\/\/oner.av.tr\/en\/","name":"Bak\u0131rk\u00f6y Avukat ve Hukuk B\u00fcrosu \u2013 \u00d6ner Hukuk ve Dan\u0131\u015fmanl\u0131k","description":"Online Legal Consultancy \u2013 Divorce Law Services","publisher":{"@id":"https:\/\/oner.av.tr\/en\/#organization"},"potentialAction":[{"@type":"SearchAction","target":{"@type":"EntryPoint","urlTemplate":"https:\/\/oner.av.tr\/en\/?s={search_term_string}"},"query-input":"required name=search_term_string"}],"inLanguage":"tr"},{"@type":["Organization","Place","LegalService"],"@id":"https:\/\/oner.av.tr\/en\/#organization","name":"Bak\u0131rk\u00f6y Avukat ve Hukuk B\u00fcrosu \u2013 \u00d6ner Hukuk ve Dan\u0131\u015fmanl\u0131k","alternateName":"Bak\u0131rk\u00f6y Avukat","url":"https:\/\/oner.av.tr\/","logo":{"@type":"ImageObject","inLanguage":"tr","@id":"https:\/\/oner.av.tr\/en\/#\/schema\/logo\/image\/","url":"https:\/\/oner.av.tr\/wp-content\/uploads\/2022\/12\/oner-hukuk-bakirkoy-avukatlik-burosu-logo.webp","contentUrl":"https:\/\/oner.av.tr\/wp-content\/uploads\/2022\/12\/oner-hukuk-bakirkoy-avukatlik-burosu-logo.webp","width":265,"height":68,"caption":"Bak\u0131rk\u00f6y Avukat ve Hukuk B\u00fcrosu \u2013 \u00d6ner Hukuk ve Dan\u0131\u015fmanl\u0131k"},"image":{"@id":"https:\/\/oner.av.tr\/en\/#\/schema\/logo\/image\/"},"sameAs":["https:\/\/www.facebook.com\/onerhukukvedanismanlik\/","https:\/\/www.linkedin.com\/company\/ner-hukuk-ve-danmanlk-brosu\/","https:\/\/www.instagram.com\/onerhukuk\/"],"description":"Avukat Yekcan \u00d6NER taraf\u0131ndan kurulan hukuk b\u00fcromuz \u0130stanbul Avrupa Yakas\u0131 Bak\u0131rk\u00f6y\u2019de bireylere ve kurumlara avukatl\u0131k hizmeti ve hukuki dan\u0131\u015fmanl\u0131k sa\u011flamaktad\u0131r. Hukuk B\u00fcromuz; Ceza Hukuku, Medeni Hukuk(Miras, Aile ve Bo\u015fanma Hukuku), \u0130\u015f Hukuku, Sigorta Hukuku, Bili\u015fim Hukuku ve daha bir\u00e7ok hukuk alan\u0131nda hizmet sunmaktad\u0131r.","telephone":["0501 027 96 99"],"contactPoint":{"@type":"ContactPoint","telephone":"0501 027 96 99","email":"avyekcan@gmail.com"},"email":"avyekcan@gmail.com"}]}},"_links":{"self":[{"href":"https:\/\/oner.av.tr\/en\/wp-json\/wp\/v2\/pages\/30","targetHints":{"allow":["GET"]}}],"collection":[{"href":"https:\/\/oner.av.tr\/en\/wp-json\/wp\/v2\/pages"}],"about":[{"href":"https:\/\/oner.av.tr\/en\/wp-json\/wp\/v2\/types\/page"}],"author":[{"embeddable":true,"href":"https:\/\/oner.av.tr\/en\/wp-json\/wp\/v2\/users\/1"}],"replies":[{"embeddable":true,"href":"https:\/\/oner.av.tr\/en\/wp-json\/wp\/v2\/comments?post=30"}],"version-history":[{"count":17,"href":"https:\/\/oner.av.tr\/en\/wp-json\/wp\/v2\/pages\/30\/revisions"}],"predecessor-version":[{"id":10590,"href":"https:\/\/oner.av.tr\/en\/wp-json\/wp\/v2\/pages\/30\/revisions\/10590"}],"wp:attachment":[{"href":"https:\/\/oner.av.tr\/en\/wp-json\/wp\/v2\/media?parent=30"}],"curies":[{"name":"wp","href":"https:\/\/api.w.org\/{rel}","templated":true}]}}