{"id":3,"date":"2024-10-22T18:19:04","date_gmt":"2024-10-22T15:19:04","guid":{"rendered":"https:\/\/demo.oner.av.tr\/?page_id=3"},"modified":"2025-09-09T13:40:22","modified_gmt":"2025-09-09T10:40:22","slug":"cookie-policy","status":"publish","type":"page","link":"https:\/\/oner.av.tr\/en\/cookie-policy\/","title":{"rendered":"Cookie Policy"},"content":{"rendered":"\n<h2 class=\"wp-block-heading\" id=\"h-privacy-policy\">Privacy Policy<br><\/h2>\n\n\n\n<p>All rights to the content on this website are reserved. 2024 \u00a9 \u00d6ner Law and Consultancy \u2013 Content may not be used without the permission of the site owner.<\/p>\n\n\n\n<p>All written, visual, video, and other content prepared by this website belongs to \u00d6ner Law and Consultancy. Users may not copy and\/or use these materials prepared by <strong>oner.av.tr<\/strong> without permission. This prohibition on copying does not apply to platforms for which explicit sharing rights and permissions have been granted. <strong>oner.av.tr<\/strong> reserves the right to modify, remove, correct, add, or delete any written, visual, video, or other content at any time. If any content on the website falls under copyright protection, the website is responsible for making the necessary adjustments within 72 hours. From the moment a user accesses the website, they are granted the right to access and use certain services, interfaces, and functionalities.<\/p>\n\n\n\n<p>The user acknowledges, declares, and undertakes that any decisions made based on the information on the website are independent of the website\u2019s content, and <strong>oner.av.tr<\/strong> bears no material or moral responsibility regarding the relevant information or product. The user may not claim any damages based on the information provided on the website. <strong>oner.av.tr<\/strong> may, as necessary and in accordance with the purposes of the website, place software known as \u201ccookies\u201d on the user\u2019s device to assist in identifying the user. The use of cookies is a standard practice for website visits and on the internet. Users retain the right to block cookies placed for functional purposes via their personal web browser settings. Third-party providers, including Google, use cookies to deliver advertisements based on users\u2019 previous visits to websites. Google\u2019s use of DoubleClick cookies enables it and its partners to show advertisements to users based on visits to your site and\/or other websites on the internet. Users can disable the use of DoubleClick cookies for interest-based advertising by visiting Ad Settings, or alternatively, by visiting <strong>aboutads.info<\/strong> to disable cookies for interest-based advertising by a third-party provider.<\/p>\n\n\n\n<p>The website reserves the right to record users\u2019 IP information in a general manner to identify users and to collect demographic information comprehensively. Except as otherwise stated in these Terms of Use and Privacy Policy, the website undertakes to use the collected user information solely for its own workflow, not to share it with third parties, and not to sell it to any organization or company.<\/p>\n\n\n\n<p>However, information considered confidential may be disclosed to third parties under the following legal circumstances and procedures:<\/p>\n\n\n\n<ol class=\"wp-block-list\">\n<li>Upon a written request from legal authorities;<\/li>\n\n\n\n<li>To protect and defend the ownership rights of the site;<\/li>\n\n\n\n<li>Within the framework of rules accepted in the Terms of Use.<\/li>\n<\/ol>\n\n\n\n<p>The user acknowledges that <strong>oner.av.tr<\/strong> has no material or moral liability regarding the disclosure of user information under these three scenarios, and no claims may be made against the website for violations of the privacy rules stated in this Privacy Notice.<\/p>\n\n\n\n<p><strong>oner.av.tr<\/strong> reserves the right to redirect users to another website through banners and redirection applications placed in accordance with its business policies. By accessing this content, the user acknowledges that <strong>oner.av.tr<\/strong> bears no responsibility for the content and privacy policies encountered on the website.<\/p>\n","protected":false},"excerpt":{"rendered":"<p>Privacy Policy All rights to the content on this website are reserved. 2024 \u00a9 \u00d6ner Law and Consultancy \u2013 Content may not be used without the permission of the site owner. All written, visual, video, and other content prepared by this website belongs to \u00d6ner Law and Consultancy. Users may not copy and\/or use these [&hellip;]<\/p>\n","protected":false},"author":1,"featured_media":0,"parent":0,"menu_order":0,"comment_status":"closed","ping_status":"open","template":"","meta":{"footnotes":""},"class_list":["post-3","page","type-page","status-publish","hentry"],"yoast_head":"<!-- This site is optimized with the Yoast SEO Premium plugin v23.1 (Yoast SEO v23.1) - https:\/\/yoast.com\/wordpress\/plugins\/seo\/ -->\n<title>Cookie Policy - Bak\u0131rk\u00f6y Lawyer and Law Office \u2013 \u00d6ner Law and Consultancy<\/title>\n<meta name=\"description\" content=\"All rights to the content on this website are reserved. 2024 \u00a9 \u00d6ner Law and Consultancy \u2013 Content may not be used without the permission...\" \/>\n<meta name=\"robots\" content=\"index, follow, max-snippet:-1, max-image-preview:large, max-video-preview:-1\" \/>\n<link rel=\"canonical\" href=\"https:\/\/oner.av.tr\/en\/cookie-policy\/\" \/>\n<meta property=\"og:locale\" content=\"tr_TR\" \/>\n<meta property=\"og:type\" content=\"article\" \/>\n<meta property=\"og:title\" content=\"Cookie Policy\" \/>\n<meta property=\"og:description\" content=\"All rights to the content on this website are reserved. 2024 \u00a9 \u00d6ner Law and Consultancy \u2013 Content may not be used without the permission...\" \/>\n<meta property=\"og:url\" content=\"https:\/\/oner.av.tr\/en\/cookie-policy\/\" \/>\n<meta property=\"og:site_name\" content=\"Bak\u0131rk\u00f6y Lawyer and Law Office \u2013 \u00d6ner Law and Consultancy\" \/>\n<meta property=\"article:publisher\" content=\"https:\/\/www.facebook.com\/onerhukukvedanismanlik\/\" \/>\n<meta property=\"article:modified_time\" content=\"2025-09-09T10:40:22+00:00\" \/>\n<meta name=\"twitter:card\" content=\"summary_large_image\" \/>\n<meta name=\"twitter:label1\" content=\"Tahmini okuma s\u00fcresi\" \/>\n\t<meta name=\"twitter:data1\" content=\"4 dakika\" \/>\n<script type=\"application\/ld+json\" class=\"yoast-schema-graph\">{\"@context\":\"https:\/\/schema.org\",\"@graph\":[{\"@type\":\"WebPage\",\"@id\":\"https:\/\/oner.av.tr\/en\/cookie-policy\/\",\"url\":\"https:\/\/oner.av.tr\/en\/cookie-policy\/\",\"name\":\"Cookie Policy - Bak\u0131rk\u00f6y Lawyer and Law Office \u2013 \u00d6ner Law and Consultancy\",\"isPartOf\":{\"@id\":\"https:\/\/oner.av.tr\/en\/#website\"},\"datePublished\":\"2024-10-22T15:19:04+00:00\",\"dateModified\":\"2025-09-09T10:40:22+00:00\",\"description\":\"All rights to the content on this website are reserved. 2024 \u00a9 \u00d6ner Law and Consultancy \u2013 Content may not be used without the permission...\",\"breadcrumb\":{\"@id\":\"https:\/\/oner.av.tr\/en\/cookie-policy\/#breadcrumb\"},\"inLanguage\":\"tr\",\"potentialAction\":[{\"@type\":\"ReadAction\",\"target\":[\"https:\/\/oner.av.tr\/en\/cookie-policy\/\"]}]},{\"@type\":\"BreadcrumbList\",\"@id\":\"https:\/\/oner.av.tr\/en\/cookie-policy\/#breadcrumb\",\"itemListElement\":[{\"@type\":\"ListItem\",\"position\":1,\"name\":\"Anasayfa\",\"item\":\"https:\/\/oner.av.tr\/en\/\"},{\"@type\":\"ListItem\",\"position\":2,\"name\":\"Cookie Policy\"}]},{\"@type\":\"WebSite\",\"@id\":\"https:\/\/oner.av.tr\/en\/#website\",\"url\":\"https:\/\/oner.av.tr\/en\/\",\"name\":\"Bak\u0131rk\u00f6y Avukat ve Hukuk B\u00fcrosu \u2013 \u00d6ner Hukuk ve Dan\u0131\u015fmanl\u0131k\",\"description\":\"Online Legal Consultancy \u2013 Divorce Law Services\",\"publisher\":{\"@id\":\"https:\/\/oner.av.tr\/en\/#organization\"},\"potentialAction\":[{\"@type\":\"SearchAction\",\"target\":{\"@type\":\"EntryPoint\",\"urlTemplate\":\"https:\/\/oner.av.tr\/en\/?s={search_term_string}\"},\"query-input\":\"required name=search_term_string\"}],\"inLanguage\":\"tr\"},{\"@type\":[\"Organization\",\"Place\",\"LegalService\"],\"@id\":\"https:\/\/oner.av.tr\/en\/#organization\",\"name\":\"Bak\u0131rk\u00f6y Avukat ve Hukuk B\u00fcrosu \u2013 \u00d6ner Hukuk ve Dan\u0131\u015fmanl\u0131k\",\"alternateName\":\"Bak\u0131rk\u00f6y Avukat\",\"url\":\"https:\/\/oner.av.tr\/\",\"logo\":{\"@type\":\"ImageObject\",\"inLanguage\":\"tr\",\"@id\":\"https:\/\/oner.av.tr\/en\/#\/schema\/logo\/image\/\",\"url\":\"https:\/\/oner.av.tr\/wp-content\/uploads\/2022\/12\/oner-hukuk-bakirkoy-avukatlik-burosu-logo.webp\",\"contentUrl\":\"https:\/\/oner.av.tr\/wp-content\/uploads\/2022\/12\/oner-hukuk-bakirkoy-avukatlik-burosu-logo.webp\",\"width\":265,\"height\":68,\"caption\":\"Bak\u0131rk\u00f6y Avukat ve Hukuk B\u00fcrosu \u2013 \u00d6ner Hukuk ve Dan\u0131\u015fmanl\u0131k\"},\"image\":{\"@id\":\"https:\/\/oner.av.tr\/en\/#\/schema\/logo\/image\/\"},\"sameAs\":[\"https:\/\/www.facebook.com\/onerhukukvedanismanlik\/\",\"https:\/\/www.linkedin.com\/company\/ner-hukuk-ve-danmanlk-brosu\/\",\"https:\/\/www.instagram.com\/onerhukuk\/\"],\"description\":\"Avukat Yekcan \u00d6NER taraf\u0131ndan kurulan hukuk b\u00fcromuz \u0130stanbul Avrupa Yakas\u0131 Bak\u0131rk\u00f6y\u2019de bireylere ve kurumlara avukatl\u0131k hizmeti ve hukuki dan\u0131\u015fmanl\u0131k sa\u011flamaktad\u0131r. Hukuk B\u00fcromuz; Ceza Hukuku, Medeni Hukuk(Miras, Aile ve Bo\u015fanma Hukuku), \u0130\u015f Hukuku, Sigorta Hukuku, Bili\u015fim Hukuku ve daha bir\u00e7ok hukuk alan\u0131nda hizmet sunmaktad\u0131r.\",\"telephone\":[\"0501 027 96 99\"],\"contactPoint\":{\"@type\":\"ContactPoint\",\"telephone\":\"0501 027 96 99\",\"email\":\"avyekcan@gmail.com\"},\"email\":\"avyekcan@gmail.com\"}]}<\/script>\n<!-- \/ Yoast SEO Premium plugin. -->","yoast_head_json":{"title":"Cookie Policy - Bak\u0131rk\u00f6y Lawyer and Law Office \u2013 \u00d6ner Law and Consultancy","description":"All rights to the content on this website are reserved. 2024 \u00a9 \u00d6ner Law and Consultancy \u2013 Content may not be used without the permission...","robots":{"index":"index","follow":"follow","max-snippet":"max-snippet:-1","max-image-preview":"max-image-preview:large","max-video-preview":"max-video-preview:-1"},"canonical":"https:\/\/oner.av.tr\/en\/cookie-policy\/","og_locale":"tr_TR","og_type":"article","og_title":"Cookie Policy","og_description":"All rights to the content on this website are reserved. 2024 \u00a9 \u00d6ner Law and Consultancy \u2013 Content may not be used without the permission...","og_url":"https:\/\/oner.av.tr\/en\/cookie-policy\/","og_site_name":"Bak\u0131rk\u00f6y Lawyer and Law Office \u2013 \u00d6ner Law and Consultancy","article_publisher":"https:\/\/www.facebook.com\/onerhukukvedanismanlik\/","article_modified_time":"2025-09-09T10:40:22+00:00","twitter_card":"summary_large_image","twitter_misc":{"Tahmini okuma s\u00fcresi":"4 dakika"},"schema":{"@context":"https:\/\/schema.org","@graph":[{"@type":"WebPage","@id":"https:\/\/oner.av.tr\/en\/cookie-policy\/","url":"https:\/\/oner.av.tr\/en\/cookie-policy\/","name":"Cookie Policy - Bak\u0131rk\u00f6y Lawyer and Law Office \u2013 \u00d6ner Law and Consultancy","isPartOf":{"@id":"https:\/\/oner.av.tr\/en\/#website"},"datePublished":"2024-10-22T15:19:04+00:00","dateModified":"2025-09-09T10:40:22+00:00","description":"All rights to the content on this website are reserved. 2024 \u00a9 \u00d6ner Law and Consultancy \u2013 Content may not be used without the permission...","breadcrumb":{"@id":"https:\/\/oner.av.tr\/en\/cookie-policy\/#breadcrumb"},"inLanguage":"tr","potentialAction":[{"@type":"ReadAction","target":["https:\/\/oner.av.tr\/en\/cookie-policy\/"]}]},{"@type":"BreadcrumbList","@id":"https:\/\/oner.av.tr\/en\/cookie-policy\/#breadcrumb","itemListElement":[{"@type":"ListItem","position":1,"name":"Anasayfa","item":"https:\/\/oner.av.tr\/en\/"},{"@type":"ListItem","position":2,"name":"Cookie Policy"}]},{"@type":"WebSite","@id":"https:\/\/oner.av.tr\/en\/#website","url":"https:\/\/oner.av.tr\/en\/","name":"Bak\u0131rk\u00f6y Avukat ve Hukuk B\u00fcrosu \u2013 \u00d6ner Hukuk ve Dan\u0131\u015fmanl\u0131k","description":"Online Legal Consultancy \u2013 Divorce Law Services","publisher":{"@id":"https:\/\/oner.av.tr\/en\/#organization"},"potentialAction":[{"@type":"SearchAction","target":{"@type":"EntryPoint","urlTemplate":"https:\/\/oner.av.tr\/en\/?s={search_term_string}"},"query-input":"required name=search_term_string"}],"inLanguage":"tr"},{"@type":["Organization","Place","LegalService"],"@id":"https:\/\/oner.av.tr\/en\/#organization","name":"Bak\u0131rk\u00f6y Avukat ve Hukuk B\u00fcrosu \u2013 \u00d6ner Hukuk ve Dan\u0131\u015fmanl\u0131k","alternateName":"Bak\u0131rk\u00f6y Avukat","url":"https:\/\/oner.av.tr\/","logo":{"@type":"ImageObject","inLanguage":"tr","@id":"https:\/\/oner.av.tr\/en\/#\/schema\/logo\/image\/","url":"https:\/\/oner.av.tr\/wp-content\/uploads\/2022\/12\/oner-hukuk-bakirkoy-avukatlik-burosu-logo.webp","contentUrl":"https:\/\/oner.av.tr\/wp-content\/uploads\/2022\/12\/oner-hukuk-bakirkoy-avukatlik-burosu-logo.webp","width":265,"height":68,"caption":"Bak\u0131rk\u00f6y Avukat ve Hukuk B\u00fcrosu \u2013 \u00d6ner Hukuk ve Dan\u0131\u015fmanl\u0131k"},"image":{"@id":"https:\/\/oner.av.tr\/en\/#\/schema\/logo\/image\/"},"sameAs":["https:\/\/www.facebook.com\/onerhukukvedanismanlik\/","https:\/\/www.linkedin.com\/company\/ner-hukuk-ve-danmanlk-brosu\/","https:\/\/www.instagram.com\/onerhukuk\/"],"description":"Avukat Yekcan \u00d6NER taraf\u0131ndan kurulan hukuk b\u00fcromuz \u0130stanbul Avrupa Yakas\u0131 Bak\u0131rk\u00f6y\u2019de bireylere ve kurumlara avukatl\u0131k hizmeti ve hukuki dan\u0131\u015fmanl\u0131k sa\u011flamaktad\u0131r. Hukuk B\u00fcromuz; Ceza Hukuku, Medeni Hukuk(Miras, Aile ve Bo\u015fanma Hukuku), \u0130\u015f Hukuku, Sigorta Hukuku, Bili\u015fim Hukuku ve daha bir\u00e7ok hukuk alan\u0131nda hizmet sunmaktad\u0131r.","telephone":["0501 027 96 99"],"contactPoint":{"@type":"ContactPoint","telephone":"0501 027 96 99","email":"avyekcan@gmail.com"},"email":"avyekcan@gmail.com"}]}},"_links":{"self":[{"href":"https:\/\/oner.av.tr\/en\/wp-json\/wp\/v2\/pages\/3","targetHints":{"allow":["GET"]}}],"collection":[{"href":"https:\/\/oner.av.tr\/en\/wp-json\/wp\/v2\/pages"}],"about":[{"href":"https:\/\/oner.av.tr\/en\/wp-json\/wp\/v2\/types\/page"}],"author":[{"embeddable":true,"href":"https:\/\/oner.av.tr\/en\/wp-json\/wp\/v2\/users\/1"}],"replies":[{"embeddable":true,"href":"https:\/\/oner.av.tr\/en\/wp-json\/wp\/v2\/comments?post=3"}],"version-history":[{"count":3,"href":"https:\/\/oner.av.tr\/en\/wp-json\/wp\/v2\/pages\/3\/revisions"}],"predecessor-version":[{"id":10611,"href":"https:\/\/oner.av.tr\/en\/wp-json\/wp\/v2\/pages\/3\/revisions\/10611"}],"wp:attachment":[{"href":"https:\/\/oner.av.tr\/en\/wp-json\/wp\/v2\/media?parent=3"}],"curies":[{"name":"wp","href":"https:\/\/api.w.org\/{rel}","templated":true}]}}